{"id":148,"date":"2021-05-24T20:51:21","date_gmt":"2021-05-24T11:51:21","guid":{"rendered":"https:\/\/fire-transport.com\/?page_id=148"},"modified":"2021-07-26T09:23:31","modified_gmt":"2021-07-26T00:23:31","slug":"sample-page","status":"publish","type":"page","link":"https:\/\/fire-transport.com\/","title":{"rendered":""},"content":{"rendered":"<div class=\"greeting\">\r\n<div class=\"bg-mask\">\r\n<div class=\"box\">\r\n<p>&nbsp;<\/p>\r\n<h1>Sejam Bem Vindos<\/h1>\r\n<p>Responderemos a uma ampla variedade de solicita\u00e7\u00f5es e necessidades, utilizando nossa ampla experi\u00eancia\u00a0 no setor, com conhecimento especializado, capacidade de resposta r\u00e1pida e flex\u00edvel com uma\u00a0 rede exclusiva. Prometemos tamb\u00e9m, contribuir para a concretiza\u00e7\u00e3o de uma sociedade segura, protegida, visando a preserva\u00e7\u00e3o do meio ambiente atrav\u00e9s dos nossos neg\u00f3cios. Aguardamos suas d\u00favidas\u00a0e consultas.<\/p>\r\n<\/div>\r\n<\/div>\r\n<\/div>\r\n<div class=\"full_width container mobile_vertical\">\r\n<div class=\"column3_33\">\r\n<div class=\"noborder\"><a href=\"\/pt\/about\/\"><img loading=\"lazy\" decoding=\"async\" src=\"\/struct\/wp-content\/uploads\/pickup001-1.jpg\" alt=\"Tipo de trabalho\" width=\"640\" height=\"480\" class=\"aligncenter size-full colorbox-2\" \/><\/a><\/div>\r\n<\/div>\r\n<div class=\"column3_33\">\r\n<div class=\"noborder\"><a href=\"\/pt\/access\/\"><img loading=\"lazy\" decoding=\"async\" src=\"\/struct\/wp-content\/uploads\/pickup002-1.jpg\" alt=\"Acesso\" width=\"640\" height=\"480\" class=\"aligncenter size-full colorbox-2\" \/><\/a><\/div>\r\n<\/div>\r\n<div class=\"column3_33\">\r\n<div class=\"noborder\"><a href=\"\/pt\/recruit\/\"><img loading=\"lazy\" decoding=\"async\" src=\"\/struct\/wp-content\/uploads\/pickup003-1.jpg\" alt=\"Recrutamento\" width=\"640\" height=\"480\" class=\"aligncenter size-full colorbox-2\" \/><\/a><\/div>\r\n<\/div>\r\n<\/div>","protected":false},"excerpt":{"rendered":"&nbsp; Sejam Bem Vindos Responderemos a uma ampla variedade de solicita\u00e7\u00f5es e necessidades, utilizando nossa a ...","protected":false},"author":2,"featured_media":0,"parent":0,"menu_order":0,"comment_status":"open","ping_status":"open","template":"page-top.php","meta":{"_locale":"pt_PT","_original_post":"2","footnotes":""},"class_list":["post-148","page","type-page","status-publish","hentry","pt-PT"],"aioseo_notices":[],"_links":{"self":[{"href":"https:\/\/fire-transport.com\/wp-json\/wp\/v2\/pages\/148","targetHints":{"allow":["GET"]}}],"collection":[{"href":"https:\/\/fire-transport.com\/wp-json\/wp\/v2\/pages"}],"about":[{"href":"https:\/\/fire-transport.com\/wp-json\/wp\/v2\/types\/page"}],"author":[{"embeddable":true,"href":"https:\/\/fire-transport.com\/wp-json\/wp\/v2\/users\/2"}],"replies":[{"embeddable":true,"href":"https:\/\/fire-transport.com\/wp-json\/wp\/v2\/comments?post=148"}],"version-history":[{"count":9,"href":"https:\/\/fire-transport.com\/wp-json\/wp\/v2\/pages\/148\/revisions"}],"predecessor-version":[{"id":211,"href":"https:\/\/fire-transport.com\/wp-json\/wp\/v2\/pages\/148\/revisions\/211"}],"wp:attachment":[{"href":"https:\/\/fire-transport.com\/wp-json\/wp\/v2\/media?parent=148"}],"curies":[{"name":"wp","href":"https:\/\/api.w.org\/{rel}","templated":true}]}}