{"id":153,"date":"2021-05-27T15:35:28","date_gmt":"2021-05-27T06:35:28","guid":{"rendered":"https:\/\/fire-transport.com\/?page_id=153"},"modified":"2024-12-12T15:52:14","modified_gmt":"2024-12-12T06:52:14","slug":"access","status":"publish","type":"page","link":"https:\/\/fire-transport.com\/pt\/access\/","title":{"rendered":"Acesso"},"content":{"rendered":"<table class=\"clear\">\r\n<tbody>\r\n<tr>\r\n<th width=\"60%\" style=\"text-align: center; vertical-align: middle;\"><span style=\"font-size: 20px;\">Resposta r\u00e1pida<\/span><br \/>\r\n<span style=\"font-size: 28px; color: #ff9900;\"><b><em>For The Next Generation<\/em><\/b><\/span><\/th>\r\n<td><img loading=\"lazy\" decoding=\"async\" src=\"https:\/\/fire-transport.com\/struct\/wp-content\/uploads\/image-1.png\" alt=\"Correspond\u00eancia r\u00e1pida For The Next Generation\" width=\"640\" height=\"480\" class=\"noborder alignright wp-image-68 size-full\" \/><\/td>\r\n<\/tr>\r\n<\/tbody>\r\n<\/table>\r\n<p>&nbsp;<\/p>\r\n<table class=\"responsive\" style=\"width: 100%; margin: 0 auto 1.5em;\">\r\n<tbody>\r\n<tr>\r\n<th style=\"text-align: center; width: 25%; vertical-align: middle;\">Nome da firma<\/th>\r\n<td style=\"width: 75%;\">Fire transport<\/td>\r\n<\/tr>\r\n<tr>\r\n<th style=\"text-align: center; vertical-align: middle;\">Endere\u00e7o<\/th>\r\n<td>\u3012373-0813<br \/>\r\nGunma-ken ta-shi Uchigashima-cho 644-1 2F<\/td>\r\n<\/tr>\r\n<tr>\r\n<th style=\"text-align: center; vertical-align: middle;\">TEL<\/th>\r\n<td>0276-61-3028<\/td>\r\n<\/tr>\r\n<tr>\r\n<th style=\"text-align: center; vertical-align: middle;\">FAX<\/th>\r\n<td>0276-61-3038<\/td>\r\n<\/tr>\r\n<tr>\r\n<th style=\"text-align: center; vertical-align: middle;\">Representante Legal<\/th>\r\n<td>Luiz Claudio Ibuka Diretor Executivo<\/td>\r\n<\/tr>\r\n<tr>\r\n<th style=\"text-align: center; vertical-align: middle;\">Funda\u00e7\u00e3o<\/th>\r\n<td>2016\/2\/1<\/td>\r\n<\/tr>\r\n<tr>\r\n<th style=\"text-align: center; vertical-align: middle;\">Capital<\/th>\r\n<td>\uffe55,000,000<\/td>\r\n<\/tr>\r\n<tr>\r\n<th style=\"text-align: center; vertical-align: middle;\">N\u00famero de funcion\u00e1rios<\/th>\r\n<td>30\u540d<\/td>\r\n<\/tr>\r\n<tr>\r\n<th style=\"text-align: center; vertical-align: middle;\">Ramo de neg\u00f3cio<\/th>\r\n<td>Transportadora<\/td>\r\n<\/tr>\r\n<tr>\r\n<th style=\"text-align: center; vertical-align: middle;\">N\u00famero de autoriza\u00e7\u00e3o<\/th>\r\n<td>\u95a2\u81ea\u8ca8\u7b2c338\u53f7<\/td>\r\n<\/tr>\r\n<\/tbody>\r\n<\/table>\r\n<h2 id=\"map\">Mapa de acesso<\/h2>\r\n<div class=\"googlemap\"><iframe width=\"800\" height=\"600\" style=\"border: 0;\" src=\"https:\/\/www.google.com\/maps\/embed?pb=!1m18!1m12!1m3!1d3216.3031439510146!2d139.39098911527537!3d36.2806937800589!2m3!1f0!2f0!3f0!3m2!1i1024!2i768!4f13.1!3m3!1m2!1s0x601f20c3a0586a1b%3A0xb65492eb92883405!2z44CSMzczLTA4MTMg576k6aas55yM5aSq55Sw5biC5YaF44Kx5bO255S677yW77yU77yU4oiS77yR!5e0!3m2!1sja!2sjp!4v1616743293597!5m2!1sja!2sjp\" allowfullscreen=\"allowfullscreen\" loading=\"lazy\"><\/iframe><\/div>","protected":false},"excerpt":{"rendered":"Resposta r\u00e1pida For The Next Generation &nbsp; Nome da firma Fire transport Endere\u00e7o \u3012373-0813 Gunma-ken ta-sh ...","protected":false},"author":2,"featured_media":0,"parent":0,"menu_order":20,"comment_status":"closed","ping_status":"closed","template":"page-nosidebar.php","meta":{"_locale":"pt_PT","_original_post":"67","footnotes":""},"class_list":["post-153","page","type-page","status-publish","hentry","pt-PT"],"aioseo_notices":[],"_links":{"self":[{"href":"https:\/\/fire-transport.com\/wp-json\/wp\/v2\/pages\/153","targetHints":{"allow":["GET"]}}],"collection":[{"href":"https:\/\/fire-transport.com\/wp-json\/wp\/v2\/pages"}],"about":[{"href":"https:\/\/fire-transport.com\/wp-json\/wp\/v2\/types\/page"}],"author":[{"embeddable":true,"href":"https:\/\/fire-transport.com\/wp-json\/wp\/v2\/users\/2"}],"replies":[{"embeddable":true,"href":"https:\/\/fire-transport.com\/wp-json\/wp\/v2\/comments?post=153"}],"version-history":[{"count":5,"href":"https:\/\/fire-transport.com\/wp-json\/wp\/v2\/pages\/153\/revisions"}],"predecessor-version":[{"id":212,"href":"https:\/\/fire-transport.com\/wp-json\/wp\/v2\/pages\/153\/revisions\/212"}],"wp:attachment":[{"href":"https:\/\/fire-transport.com\/wp-json\/wp\/v2\/media?parent=153"}],"curies":[{"name":"wp","href":"https:\/\/api.w.org\/{rel}","templated":true}]}}