{"id":167,"date":"2021-05-27T16:17:04","date_gmt":"2021-05-27T07:17:04","guid":{"rendered":"https:\/\/fire-transport.com\/?page_id=167"},"modified":"2021-07-26T09:28:40","modified_gmt":"2021-07-26T00:28:40","slug":"recruit","status":"publish","type":"page","link":"https:\/\/fire-transport.com\/pt\/recruit\/","title":{"rendered":"Recrutamento"},"content":{"rendered":"<p>Aguardamos pessoas que tenham interesse de crescimento profissional\u00a0Estaremos prontos para esclarecer quaisquer d\u00favidas.<br \/>\r\nAguardamos seu contato pelo telefone 0276-61-3028.<\/p>\r\n<p>&nbsp;<\/p>\r\n<h2>Requisitos necess\u00e1rios<\/h2>\r\n<table class=\"responsive\" style=\"width: 90%; margin: 0 auto 1.5em;\">\r\n<tbody>\r\n<tr>\r\n<th style=\"text-align: center; width: 25%; vertical-align: middle;\">Tipo de servi\u00e7o<\/th>\r\n<td style=\"width: 75%;\">Motorista de caminh\u00e3o<\/td>\r\n<\/tr>\r\n<tr>\r\n<th style=\"text-align: center; vertical-align: middle;\">Situa\u00e7\u00e3o de emprego<\/th>\r\n<td>Emprego em tempo integral<\/td>\r\n<\/tr>\r\n<tr>\r\n<th style=\"text-align: center; vertical-align: middle;\">pr\u00e9-requisitos<\/th>\r\n<td>Carteira de motorista(caminh\u00e3o e empilhadeira)<\/td>\r\n<\/tr>\r\n<tr>\r\n<th style=\"text-align: center; vertical-align: middle;\">Sal\u00e1rio a combinar (levamos em considera\u00e7\u00e3o idade, t\u00e9cnica, experi\u00eancia profissional)<\/th>\r\n<td>Negociav\u00e9l(idade,experi\u00eancia, tecnica.)<\/td>\r\n<\/tr>\r\n<tr>\r\n<th style=\"text-align: center; vertical-align: middle;\">Localiza\u00e7\u00e3o<\/th>\r\n<td>\u3012373-0813 Gunma-ken ta-shi Uchigashima 644-1 2F \u300aMAP\u300b<\/td>\r\n<\/tr>\r\n<tr>\r\n<th style=\"text-align: center; vertical-align: middle;\">Jornada de trabalho<\/th>\r\n<td>Horas extras conforme necessidades da empresa.<\/td>\r\n<\/tr>\r\n<tr>\r\n<th style=\"text-align: center; vertical-align: middle;\">Feriados<\/th>\r\n<td>Conforme calend\u00e1rio da empresa.<\/td>\r\n<\/tr>\r\n<tr>\r\n<th style=\"text-align: center; vertical-align: middle;\">Benef\u00edcios<\/th>\r\n<td>Seguro Social, Seguro desemprego, uniforme<\/td>\r\n<\/tr>\r\n<tr>\r\n<th style=\"text-align: center; vertical-align: middle;\">Entrevista<\/th>\r\n<td>Agendamento por telefone<\/td>\r\n<\/tr>\r\n<\/tbody>\r\n<\/table>\r\n<p>&nbsp;<\/p>\r\n<h2>\u3054\u5fdc\u52df\u30fb\u304a\u554f\u3044\u5408\u308f\u305b<\/h2>\r\n<p><span style=\"font-size: 24px;\">TEL. 0276-61-3028<\/span><br \/>\r\n<br \/>\r\n<span style=\"font-size: 24px;\"><a href=\"\/pt\/contact\/\" title=\"\u304a\u554f\u3044\u5408\u308f\u305b\u30d5\u30a9\u30fc\u30e0\">\u300aConsultas por email\u300b<\/a><\/span><\/p>","protected":false},"excerpt":{"rendered":"Aguardamos pessoas que tenham interesse de crescimento profissional\u00a0Estaremos prontos para esclarecer quaisque ...","protected":false},"author":2,"featured_media":0,"parent":0,"menu_order":50,"comment_status":"closed","ping_status":"closed","template":"page-nosidebar.php","meta":{"_locale":"pt_PT","_original_post":"82","footnotes":""},"class_list":["post-167","page","type-page","status-publish","hentry","pt-PT"],"aioseo_notices":[],"_links":{"self":[{"href":"https:\/\/fire-transport.com\/wp-json\/wp\/v2\/pages\/167","targetHints":{"allow":["GET"]}}],"collection":[{"href":"https:\/\/fire-transport.com\/wp-json\/wp\/v2\/pages"}],"about":[{"href":"https:\/\/fire-transport.com\/wp-json\/wp\/v2\/types\/page"}],"author":[{"embeddable":true,"href":"https:\/\/fire-transport.com\/wp-json\/wp\/v2\/users\/2"}],"replies":[{"embeddable":true,"href":"https:\/\/fire-transport.com\/wp-json\/wp\/v2\/comments?post=167"}],"version-history":[{"count":6,"href":"https:\/\/fire-transport.com\/wp-json\/wp\/v2\/pages\/167\/revisions"}],"predecessor-version":[{"id":216,"href":"https:\/\/fire-transport.com\/wp-json\/wp\/v2\/pages\/167\/revisions\/216"}],"wp:attachment":[{"href":"https:\/\/fire-transport.com\/wp-json\/wp\/v2\/media?parent=167"}],"curies":[{"name":"wp","href":"https:\/\/api.w.org\/{rel}","templated":true}]}}