{"id":172,"date":"2021-05-27T17:08:03","date_gmt":"2021-05-27T08:08:03","guid":{"rendered":"https:\/\/fire-transport.com\/?page_id=172"},"modified":"2021-07-26T09:35:00","modified_gmt":"2021-07-26T00:35:00","slug":"contact","status":"publish","type":"page","link":"https:\/\/fire-transport.com\/pt\/contact\/","title":{"rendered":"Contato"},"content":{"rendered":"\n<div class=\"wpcf7 no-js\" id=\"wpcf7-f170-o1\" lang=\"pt-PT\" dir=\"ltr\" data-wpcf7-id=\"170\">\n<div class=\"screen-reader-response\"><p role=\"status\" aria-live=\"polite\" aria-atomic=\"true\"><\/p> <ul><\/ul><\/div>\n<form action=\"\/pt\/wp-json\/wp\/v2\/pages\/172#wpcf7-f170-o1\" method=\"post\" class=\"wpcf7-form init\" aria-label=\"Formul\u00e1rio de contacto\" novalidate=\"novalidate\" data-status=\"init\">\n<fieldset class=\"hidden-fields-container\"><input type=\"hidden\" name=\"_wpcf7\" value=\"170\" \/><input type=\"hidden\" name=\"_wpcf7_version\" value=\"6.1.5\" \/><input type=\"hidden\" name=\"_wpcf7_locale\" value=\"pt_PT\" \/><input type=\"hidden\" name=\"_wpcf7_unit_tag\" value=\"wpcf7-f170-o1\" \/><input type=\"hidden\" name=\"_wpcf7_container_post\" value=\"0\" \/><input type=\"hidden\" name=\"_wpcf7_posted_data_hash\" value=\"\" \/>\n<\/fieldset>\nPreencha os dados abaixo. A pessoa respons\u00e1vel entrar\u00e1 em contato com voc\u00ea em breve.\nEstando com necessidade de urg\u00eancia, ligue no telefone 0276-61-3028 para agendar uma entrevista.\n<table class=\"responsive\">\n<tbody>\n<tr>\n<th width=\"30%\">Nome<span class=\"must\">obrigat\u00f3rio<\/span><\/th>\n<td><span class=\"wpcf7-form-control-wrap\" data-name=\"your-name\"><input size=\"40\" maxlength=\"400\" class=\"wpcf7-form-control wpcf7-text wpcf7-validates-as-required\" aria-required=\"true\" aria-invalid=\"false\" value=\"\" type=\"text\" name=\"your-name\" \/><\/span><\/td>\n<\/tr>\n<tr>\n<th>katakana<span class=\"must\">obrigat\u00f3rio<\/span><\/th>\n<td><span class=\"wpcf7-form-control-wrap\" data-name=\"your-name-kana\"><input size=\"40\" maxlength=\"400\" class=\"wpcf7-form-control wpcf7-text wpcf7-validates-as-required\" aria-required=\"true\" aria-invalid=\"false\" value=\"\" type=\"text\" name=\"your-name-kana\" \/><\/span><\/td>\n<\/tr>\n<tr>\n<th style=\"vertical-align: middle;\">Nome da empresa em que trabalha atualmente<\/th>\n<td><span class=\"wpcf7-form-control-wrap\" data-name=\"your-company\"><input size=\"40\" maxlength=\"400\" class=\"wpcf7-form-control wpcf7-text\" aria-invalid=\"false\" value=\"\" type=\"text\" name=\"your-company\" \/><\/span><\/td>\n<\/tr>\n<tr>\n<th>mail adress<span class=\"must\">obrigat\u00f3rio<\/span><\/th>\n<td><span class=\"wpcf7-form-control-wrap\" data-name=\"your-email\"><input size=\"40\" maxlength=\"400\" class=\"wpcf7-form-control wpcf7-email wpcf7-validates-as-required wpcf7-text wpcf7-validates-as-email\" aria-required=\"true\" aria-invalid=\"false\" value=\"\" type=\"email\" name=\"your-email\" \/><\/span><\/td>\n<\/tr>\n\n<tr>\n<th>Telefone<span class=\"must\">obrigat\u00f3rio<\/span><\/th>\n<td><span class=\"wpcf7-form-control-wrap\" data-name=\"your-phone\"><input size=\"40\" maxlength=\"400\" class=\"wpcf7-form-control wpcf7-tel wpcf7-validates-as-required wpcf7-text wpcf7-validates-as-tel\" aria-required=\"true\" aria-invalid=\"false\" value=\"\" type=\"tel\" name=\"your-phone\" \/><\/span><\/td>\n<\/tr>\n<tr>\n<th style=\"vertical-align: middle;\">Devemos entrar em contato via<\/th>\n<td style=\"text-align: left;\"><span class=\"wpcf7-form-control-wrap\" data-name=\"checkbox-20\"><span class=\"wpcf7-form-control wpcf7-checkbox\"><span class=\"wpcf7-list-item first\"><input type=\"checkbox\" name=\"checkbox-20[]\" value=\"Telefone\" \/><span class=\"wpcf7-list-item-label\">Telefone<\/span><\/span><span class=\"wpcf7-list-item\"><input type=\"checkbox\" name=\"checkbox-20[]\" value=\"Mensagem\" \/><span class=\"wpcf7-list-item-label\">Mensagem<\/span><\/span><span class=\"wpcf7-list-item\"><input type=\"checkbox\" name=\"checkbox-20[]\" value=\"Tanto faz, por telefone ou mensagem\" \/><span class=\"wpcf7-list-item-label\">Tanto faz, por telefone ou mensagem<\/span><\/span><span class=\"wpcf7-list-item last\"><input type=\"checkbox\" name=\"checkbox-20[]\" value=\"Desnecess\u00e1rio\" \/><span class=\"wpcf7-list-item-label\">Desnecess\u00e1rio<\/span><\/span><\/span><\/span><\/td>\n<\/tr>\n<tr>\n<th>Observa\u00e7\u00f5es<\/th>\n<td><span class=\"wpcf7-form-control-wrap\" data-name=\"your-message\"><textarea cols=\"40\" rows=\"10\" maxlength=\"2000\" class=\"wpcf7-form-control wpcf7-textarea\" aria-invalid=\"false\" name=\"your-message\"><\/textarea><\/span> <\/td>\n<\/tr>\n<tr>\n<th>Autentica\u00e7\u00e3o de imagem<span class=\"must\">obrigat\u00f3rio<\/span><\/th>\n<td><img src='https:\/\/fire-transport.com\/struct\/wp-content\/plugins\/morph-extension-system\/extensions\/image-auth-japanese-version-for-contactform7\/tmp\/if22mbi005rt1cv6pg0bq8uhrv-spam-block-01-1778072941.jpg' class='image_auth_jp_quiz' tag-name='spam-block-01' \/><p class='image_auth_jp_description'>\u4e0a\u8a18\u753b\u50cf\u5185\u306e\u6587\u5b57\u3092\u5165\u529b\u3057\u3066\u304f\u3060\u3055\u3044<\/p><div class='image_auth_jp_error_message' tag-name='spam-block-01'>\u3072\u3089\u304c\u306a\u753b\u50cf\u306e\u8aad\u307f\u8fbc\u307f\u306b\u5931\u6557\u3057\u307e\u3057\u305f\u3002\u7ba1\u7406\u8005\u3078\u304a\u554f\u3044\u5408\u308f\u305b\u304f\u3060\u3055\u3044\u3002<\/div><span class=\"wpcf7-form-control-wrap\" data-name=\"spam-block-01\"><input class=\"wpcf7-form-control wpcf7-image_auth_jp\" autocomplete=\"off\" aria-invalid=\"false\" aria-required=\"true\" type=\"text\" name=\"spam-block-01\" \/><\/span><script>var iajcf_ajax_url = 'https:\/\/fire-transport.com\/struct\/wp-admin\/admin-ajax.php';<\/script><script>var iajcf_slug = 'image-auth-japanese-version-for-contactform7';<\/script><\/td>\n<\/tr>\n<\/tbody>\n<\/table>\n<div align=\"center\" class=\"linkBtn\"><input class=\"wpcf7-form-control wpcf7-submit has-spinner\" type=\"submit\" value=\"Enviar\" \/><\/div>\n\n<script>\n\tdocument.addEventListener( 'wpcf7mailsent', function( event ) {\n\tlocation = '\/pt\/contact\/thanks\/';\n\t}, false );\n<\/script>\n<div class=\"wpcf7-response-output\" aria-hidden=\"true\"><\/div>\n<\/form>\n<\/div>\n","protected":false},"excerpt":{"rendered":"","protected":false},"author":2,"featured_media":0,"parent":0,"menu_order":180,"comment_status":"closed","ping_status":"closed","template":"page-nosidebar.php","meta":{"_locale":"pt_PT","_original_post":"62","footnotes":""},"class_list":["post-172","page","type-page","status-publish","hentry","pt-PT"],"aioseo_notices":[],"_links":{"self":[{"href":"https:\/\/fire-transport.com\/wp-json\/wp\/v2\/pages\/172","targetHints":{"allow":["GET"]}}],"collection":[{"href":"https:\/\/fire-transport.com\/wp-json\/wp\/v2\/pages"}],"about":[{"href":"https:\/\/fire-transport.com\/wp-json\/wp\/v2\/types\/page"}],"author":[{"embeddable":true,"href":"https:\/\/fire-transport.com\/wp-json\/wp\/v2\/users\/2"}],"replies":[{"embeddable":true,"href":"https:\/\/fire-transport.com\/wp-json\/wp\/v2\/comments?post=172"}],"version-history":[{"count":4,"href":"https:\/\/fire-transport.com\/wp-json\/wp\/v2\/pages\/172\/revisions"}],"predecessor-version":[{"id":217,"href":"https:\/\/fire-transport.com\/wp-json\/wp\/v2\/pages\/172\/revisions\/217"}],"wp:attachment":[{"href":"https:\/\/fire-transport.com\/wp-json\/wp\/v2\/media?parent=172"}],"curies":[{"name":"wp","href":"https:\/\/api.w.org\/{rel}","templated":true}]}}